{"id":99,"date":"2013-12-28T13:15:01","date_gmt":"2013-12-28T11:15:01","guid":{"rendered":"http:\/\/www.balticwriterscouncil.info\/?page_id=99"},"modified":"2013-12-28T13:29:58","modified_gmt":"2013-12-28T11:29:58","slug":"nalle-valtiala","status":"publish","type":"page","link":"http:\/\/www.balticwriterscouncil.info\/?page_id=99","title":{"rendered":"Nalle Valtiala"},"content":{"rendered":"<h4><strong>I Linn\u00e9s fotsp\u00e5r<br \/>\n<\/strong><\/h4>\n<p>Gud skapade och Linn\u00e9 ordnade. Fr\u00e5n och med den 22 juni 1741 en m\u00e5nad och trenne dagar p\u00e5 Gotland. Han anl\u00e4nde i guppande jakt, ingen n\u00f6jestur f\u00f6r en landkrabba. Alla g\u00e5nger hellre besteg han sin kamp.<br \/>\nUppdraget ifr\u00e5n Gud och Svea Rikes St\u00e4nder f\u00f6rpliktigade. Kartan \u00f6ver Linn\u00e9s gotl\u00e4ndska resa beskriver ett helt varv, med avstickare till F\u00e5r\u00f6 och Karls\u00f6arna. Han s\u00e5g det mesta, dock inte Buttleskogen mellan Klintehamn och Katthammarsvik. Den fr\u00e5n vilken ingen v\u00e4g s\u00e4gs leda ut\u2014<\/p>\n<p>Fast det st\u00e4mmer inte l\u00e4ngre, \u00e5tminstone inte om man sitter i minibuss, med Charlotta vid ratten. Hon \u00e4r m\u00f6rk och slank och Buttleskogen sugs snabbt bak\u00e5t, v\u00e4gen igenom \u00e4r rakare \u00e4n p\u00e5 Linn\u00e9s tid och innan vi vet ordet av \u00e4r vi i Gr\u00f6tlingbo.<br \/>\nVi \u00e4r en utvald grupp tyskar, finl\u00e4ndare, en ryss, en tysksvensk eller svensktysk, det \u00e4r Charlotta, och s\u00e5 klart Tord Porsne. Tord \u00e4r gotl\u00e4ndsk biolog och Linn\u00e9forskare och en idealisk guide, och om Grottlingebo kyrka som han stavade namnet skriver Linn\u00e9 i sin Gotl\u00e4ndska resa att \u201dvar hon en ibland de yppersta i landet. En runsten l\u00e5g p\u00e5 golvet i koret, som l\u00e4tt l\u00e4stes; och en annan satt i muren \u00e4ven i koret s\u00e5som ett s\u00e4te\u201d.<\/p>\n<p>M\u00e4rkligt, s\u00e5 \u00e4r det \u00e4n i den dag som \u00e4r, d\u00e5 den p\u00e5g\u00e5ende internationella f\u00f6rfattar- och \u00f6vers\u00e4ttarkonferensen i Visby tagit paus och i v\u00e5rt fall s\u00f6kt sig s\u00f6derut i Linn\u00e9s fotsp\u00e5r. 300-\u00e5rsjubileum p\u00e5g\u00e5r hela \u00e5ret och vid Argantyrs r\u00f6r, h\u00e4r stavat rojr, vandrar vi bland gullvivor och v\u00e5radonis runt det v\u00e4ldiga gravkumlet, medsols f\u00f6r eljest g\u00e5r det p\u00e5 tok.<br \/>\nEn fj\u00e4rdedels mil fr\u00e5n Grottlingebo beser vi Gullbacken, sen blir det fikapaus vid \u00d6ja kyrka. P\u00e5 en v\u00e4gg d\u00e4rinne tar dj\u00e4vulen en usel tjuvmj\u00f6lkerska, men vid Holmk\u00e4llar s\u00f6der om Hamra ligger dimman s\u00e5 t\u00e4t att Heligholmen f\u00f6rsvunnit, det har aldrig h\u00e4nt mig f\u00f6rr, s\u00e4ger Tord.<\/p>\n<p>I Hoburgen \u00e4r det klarare v\u00e4der, vi lunchar p\u00e5 Majstreg\u00e5rden och vandrar l\u00e4ngs den steniga stranden under klinten, med Linn\u00e9s ord \u201dett av det m\u00e4rkv\u00e4rdigaste, som naturen formerat p\u00e5 hela Gotland, och ligger h\u00e4r till o\u00e4ndlig h\u00f6jd, s\u00e5som ett det sk\u00f6naste kastell\u201d. Luften \u00e4r full av sj\u00f6f\u00e5glars skrik och i sluttningen \u00f6ppnar sig inbjudande grottor, n\u00e4rmare vattnet Hoburgsgubbens br\u00f6stbild i r\u00f6d sandsten, blickande ut \u00f6ver havet.<\/p>\n<p>D\u00e4r stod han redan p\u00e5 Linn\u00e9s tid, \u201dFablen om Hobergsgubben \u00e4r alla barn bekant\u201d, men vi m\u00e5ste vidare. Pilla p\u00e5 den ber\u00f6mda Sj\u00e4lvfr\u00e4tstenen, besk\u00e5da sj\u00e4lav\u00e4gningen i Vamlingbo kyrka. Skymta Lilla Karls\u00f6s bl\u00e5nande plat\u00e5 vid horisonten i v\u00e4ster.<\/p>\n<p>Hufvudstadsbladet 10 juni 2007<\/p>\n","protected":false},"excerpt":{"rendered":"<p>I Linn\u00e9s fotsp\u00e5r Gud skapade och Linn\u00e9 ordnade. Fr\u00e5n och med den 22 juni 1741 en m\u00e5nad och trenne dagar p\u00e5 Gotland. Han anl\u00e4nde i guppande jakt, ingen n\u00f6jestur f\u00f6r en landkrabba. Alla g\u00e5nger hellre besteg han sin kamp. Uppdraget ifr\u00e5n Gud och Svea Rikes St\u00e4nder f\u00f6rpliktigade. Kartan \u00f6ver Linn\u00e9s gotl\u00e4ndska resa beskriver ett helt &hellip; <a href=\"http:\/\/www.balticwriterscouncil.info\/?page_id=99\" class=\"more-link\">Continue reading <span class=\"screen-reader-text\">Nalle Valtiala<\/span> <span class=\"meta-nav\">&rarr;<\/span><\/a><\/p>\n","protected":false},"author":2,"featured_media":0,"parent":97,"menu_order":0,"comment_status":"closed","ping_status":"closed","template":"","meta":{"footnotes":""},"class_list":["post-99","page","type-page","status-publish","hentry"],"_links":{"self":[{"href":"http:\/\/www.balticwriterscouncil.info\/index.php?rest_route=\/wp\/v2\/pages\/99","targetHints":{"allow":["GET"]}}],"collection":[{"href":"http:\/\/www.balticwriterscouncil.info\/index.php?rest_route=\/wp\/v2\/pages"}],"about":[{"href":"http:\/\/www.balticwriterscouncil.info\/index.php?rest_route=\/wp\/v2\/types\/page"}],"author":[{"embeddable":true,"href":"http:\/\/www.balticwriterscouncil.info\/index.php?rest_route=\/wp\/v2\/users\/2"}],"replies":[{"embeddable":true,"href":"http:\/\/www.balticwriterscouncil.info\/index.php?rest_route=%2Fwp%2Fv2%2Fcomments&post=99"}],"version-history":[{"count":2,"href":"http:\/\/www.balticwriterscouncil.info\/index.php?rest_route=\/wp\/v2\/pages\/99\/revisions"}],"predecessor-version":[{"id":112,"href":"http:\/\/www.balticwriterscouncil.info\/index.php?rest_route=\/wp\/v2\/pages\/99\/revisions\/112"}],"up":[{"embeddable":true,"href":"http:\/\/www.balticwriterscouncil.info\/index.php?rest_route=\/wp\/v2\/pages\/97"}],"wp:attachment":[{"href":"http:\/\/www.balticwriterscouncil.info\/index.php?rest_route=%2Fwp%2Fv2%2Fmedia&parent=99"}],"curies":[{"name":"wp","href":"https:\/\/api.w.org\/{rel}","templated":true}]}}