{"id":97,"date":"2013-12-28T13:14:07","date_gmt":"2013-12-28T11:14:07","guid":{"rendered":"http:\/\/www.balticwriterscouncil.info\/?page_id=97"},"modified":"2013-12-28T13:28:31","modified_gmt":"2013-12-28T11:28:31","slug":"gotland-2007","status":"publish","type":"page","link":"https:\/\/www.balticwriterscouncil.info\/?page_id=97","title":{"rendered":"Gotland 2007"},"content":{"rendered":"<h3>Baltic Meeting on Gotland 16 \u2013 19 May 2007<\/h3>\n<p><a title=\"Nalle Valtiala\" href=\"https:\/\/www.balticwriterscouncil.info\/?page_id=99\">Valtiala: I Linn\u00e9s fotsp\u00e5r <\/a>| <a title=\"Nils Blomkvist\" href=\"https:\/\/www.balticwriterscouncil.info\/?page_id=101\">Blomkvist:The Baltic &#8211; a Field of Tensions through the Ages<\/a> | <a title=\"Jone Ramunyte\" href=\"https:\/\/www.balticwriterscouncil.info\/?page_id=103\">Ramunyte: Baltijos susitikimai Gotlande<\/a> | <a title=\"Jani Saxell\" href=\"https:\/\/www.balticwriterscouncil.info\/?page_id=105\">Saxell: Rauhan ja raudan meri<\/a><\/p>\n<p><strong>Participants<\/strong><\/p>\n<p>BELARUS<br \/>\nNatallia Mikhedava, Minsk, translator<br \/>\nZmicer Vishniou, Minsk, poet, editor of the literary magazine Texty<\/p>\n<p>DENMARK<br \/>\nViggo Madsen, Odense, poet<\/p>\n<p>ESTONIA<br \/>\nJaan Elken, Tallinn\/Tartu, painter, chairman of Estonian Artists&#8217; Association<br \/>\nJan Kaus, Tallinn, poet, prose writer, translator Finnish-Estonian, editor<br \/>\nKarl Martin Sinij\u00e4rv, Tallinn, poet, chairman of Estonian Writers union<br \/>\nPiret Viires, Tallinn, researcher and critic, vice-chairwoman of the BWC<\/p>\n<p>FINLAND<br \/>\nMirja Hovila (Itkonen), Helsinki, translator<br \/>\nTorsti Lehtinen, Helsinki, aphoristic, prose writer, critic<br \/>\nBodil Lindfors, \u00c5bo\/Turku, poet<br \/>\nJaana Nikula, Helsinki, translator, secretary of the BWC<br \/>\nJani Saxell, Helsinki, poet, prose writer, member of the board of the Finnish Writers\u2019 Union<br \/>\nSanna Tahvanainen, Mariehamn, \u00c5land, poet<br \/>\nNalle Valtiala, Grankulla, prose writer<\/p>\n<p>GERMANY<br \/>\nRoland Albrecht, Berlin, museum director, visual artist, prose writer<br \/>\nCharlotta Bjelfvenstam, Berlin, assistant of the organizers\u2019 working group<br \/>\nGerlinde Creutzburg, Langendamm, Mecklenburg-Vorpommern, visual artist, director of K\u00fcnstlerhaus Lukas Ahrenshoop<br \/>\nUli Jantezki, Berlin, director of Literarisches Colloquium Berlin<br \/>\nAndreas Lawaty, L\u00fcneburg, director of Nordost-Institut L\u00fcneburg<br \/>\nKlaus-J\u00fcrgen Liedtke, Berlin, poet, translator, chairman of the BWC, vice-president of the Three Seas Writers\u2019 and Translators\u2019 Council Rhodes<br \/>\nRosemarie Tietze, Munich, translator, founder of the German Translators\u2019 Fund<br \/>\nImre T\u00f6r\u00f6k, Leutkirch, prose writer, chairman of the German Writers\u2019 Union<\/p>\n<p>ICELAND<br \/>\nSteinunn Sigurdard\u00f3ttir, Pouzols\/Reykjavik, prose writer<\/p>\n<p>LATVIA<br \/>\nSilvija Brice, Riga, translator<br \/>\nArgita Daudze, Prague, Ambassador, translator<br \/>\nNora Ikstena, Riga, prose writer<\/p>\n<p>LITHUANIA<br \/>\nRasa Drazdauskiene, Vilnius, translator and critic<br \/>\nErika Drungyte, Kaunas, poet<br \/>\nKornelijus Platelis, Vilnius, poet, chairman of Lithuanian Artists\u2019 Association<br \/>\nJone Ramunyte, Vilnius, translator<br \/>\nLiana Ruokyte, Stockholm, cultural attach\u00e9 at the Embassy of Lithuania<br \/>\nVladimir Tarasov, Vilnius, percussionist, visual artist<\/p>\n<p>NORWAY<br \/>\nTor Eystein \u00d6ver\u00e5s, Bod\u00f6\/Berlin, poet, prose writer<\/p>\n<p>POLAND<br \/>\nLeszek Szaruga, Warsaw, poet, translator, chairman of the Warsaw branch of the Polish Writers\u2019 Union<\/p>\n<p>RUSSIA<br \/>\nIgor Belov, Kaliningrad, poet, chairman of Kaliningrad Writers\u2019 Union<br \/>\nAndrey Bitov, Moscow\/St. Petersburg, prose writer<br \/>\nTatiana Chernisheva, St. Petersburg, translator<br \/>\nElena Emelianova, Kaliningrad, translator, coordinator for culture, information and press issues at the Consulate General of Sweden<br \/>\nIlya Fonyakov, St. Petersburg, poet, essayist, critic and translator, vice-president of St.-Petersburg Writers\u2019 Union and president of its poetry section<br \/>\nOleg Glushkin, Kaliningrad, prose writer<\/p>\n<p>SAPMI<br \/>\nRose-Marie Huuva, Kiruna, poet, visual artist<\/p>\n<p>SWEDEN<br \/>\nKarin Enberg, Stockholm, theatre director, chairwoman of KLYS<br \/>\n(Swedish Joint Committee of Artistic and Literary Professionals)<br \/>\nPer Olov Enquist, Vaxholm, prose writer<br \/>\nUlf Peter Hallberg, Berlin, translator and prose writer, critic<br \/>\nMats Hellstr\u00f6m, Stockholm, former minister, former Ambassador, former Governor of Stockholm<br \/>\nHelena \u00d6berg, Stockholm, chairwoman of F\u00f6rfattarcentrum \u00d6st, organizing committee of Waltic<br \/>\nMeta Ottosson, N\u00e4ttraby, Blekinge, translator<br \/>\nHelen Sigeland, Stockholm, Swedish Institute<br \/>\nHanna Sj\u00f6berg, Visby\/Berlin, artist<br \/>\nGunilla Thorgren, Vaxholm, dramatist<\/p>\n<p>LOCAL PARTICIPANTS<br \/>\nGunilla Fors\u00e9n, Hemse, director of Hemse library<br \/>\nAnders Granat, Visby, director at the County Administration of Gotland<br \/>\nInger Harlevi, Visby, chairwoman of the Cultural Committee of Gotland Municipality<br \/>\nLars Magnus Lahne, Visby, administrative director at Gotland University, chairman of the board of the Baltic Centre for Writers and Translators<br \/>\nLena Pasternak, Visby, director of the Baltic Centre for Writers and Translators<br \/>\nPeranders Sandstr\u00f6m, Visby, director at the County Administration of Gotland, member of the board of the BCWT<br \/>\nKjell Espmark, Eke\/Stockholm, poet, prose writer, member of the Swedish Academy<br \/>\nMonica Lauritzen, Eke\/Stockholm, critic and prose writer<br \/>\nNils Blomkvist, Visby, professor of medieval history, head of the Centre for Baltic Sea Studies at Gotland University<br \/>\nUlf Palmenfelt, Visby, professor of ethnology at Gotland University, prose writer, guide<br \/>\nTord Porsne, Visby, botanist, guide<br \/>\n\u00c5ke G Sj\u00f6berg, Visby, retired school and highschool teacher, guide<br \/>\nCatharina \u00d6din, Visby, school teacher, guide<\/p>\n","protected":false},"excerpt":{"rendered":"<p>Baltic Meeting on Gotland 16 \u2013 19 May 2007 Valtiala: I Linn\u00e9s fotsp\u00e5r | Blomkvist:The Baltic &#8211; a Field of Tensions through the Ages | Ramunyte: Baltijos susitikimai Gotlande | Saxell: Rauhan ja raudan meri Participants BELARUS Natallia Mikhedava, Minsk, translator Zmicer Vishniou, Minsk, poet, editor of the literary magazine Texty DENMARK Viggo Madsen, Odense, &hellip; <a href=\"https:\/\/www.balticwriterscouncil.info\/?page_id=97\" class=\"more-link\">Continue reading <span class=\"screen-reader-text\">Gotland 2007<\/span> <span class=\"meta-nav\">&rarr;<\/span><\/a><\/p>\n","protected":false},"author":2,"featured_media":0,"parent":71,"menu_order":0,"comment_status":"closed","ping_status":"closed","template":"","meta":{"footnotes":""},"class_list":["post-97","page","type-page","status-publish","hentry"],"_links":{"self":[{"href":"https:\/\/www.balticwriterscouncil.info\/index.php?rest_route=\/wp\/v2\/pages\/97","targetHints":{"allow":["GET"]}}],"collection":[{"href":"https:\/\/www.balticwriterscouncil.info\/index.php?rest_route=\/wp\/v2\/pages"}],"about":[{"href":"https:\/\/www.balticwriterscouncil.info\/index.php?rest_route=\/wp\/v2\/types\/page"}],"author":[{"embeddable":true,"href":"https:\/\/www.balticwriterscouncil.info\/index.php?rest_route=\/wp\/v2\/users\/2"}],"replies":[{"embeddable":true,"href":"https:\/\/www.balticwriterscouncil.info\/index.php?rest_route=%2Fwp%2Fv2%2Fcomments&post=97"}],"version-history":[{"count":3,"href":"https:\/\/www.balticwriterscouncil.info\/index.php?rest_route=\/wp\/v2\/pages\/97\/revisions"}],"predecessor-version":[{"id":109,"href":"https:\/\/www.balticwriterscouncil.info\/index.php?rest_route=\/wp\/v2\/pages\/97\/revisions\/109"}],"up":[{"embeddable":true,"href":"https:\/\/www.balticwriterscouncil.info\/index.php?rest_route=\/wp\/v2\/pages\/71"}],"wp:attachment":[{"href":"https:\/\/www.balticwriterscouncil.info\/index.php?rest_route=%2Fwp%2Fv2%2Fmedia&parent=97"}],"curies":[{"name":"wp","href":"https:\/\/api.w.org\/{rel}","templated":true}]}}